{"id":2001,"date":"2012-11-22T17:18:54","date_gmt":"2012-11-22T15:18:54","guid":{"rendered":"http:\/\/www.marusca.ro\/dev\/mtbtours\/?page_id=2001"},"modified":"2021-12-17T11:32:07","modified_gmt":"2021-12-17T09:32:07","slug":"mtb-weekend-escapes","status":"publish","type":"page","link":"https:\/\/www.mtbtours.ro\/en\/mtb-weekend-escapes\/","title":{"rendered":"Weekend escapes"},"content":{"rendered":"<p>Here is a list of two-days mountian biking trips, cross-country and all-mountain style, mostly on single trails or single tracks. The prices below include accommodation, if you prefer arranging your own accommodation <a title=\"Contact\" href=\"http:\/\/www.mtbtours.ro\/contact\/?lang=en\">contact us<\/a> to give you an updated cost. Please do that if you have any other special requirements for your mountain biking weekend.<\/p>\n<p>ngg_shortcode_0_placeholder<strong>Weekend in Post\u0103varu, Bra\u015fov<\/strong><br \/>\nThe trails in Post\u0103varu Mountain, near the city of Bra\u015fov, offer enough choices for two days of cross-country and all-mountain intense riding. The uphill to Poiana Bra\u015fov makes for a good warm-up before some thrilling single trail sections down to the city, be it over T\u00e2mpa mountain or through Poiana Junilor or Pietrele lui Solomon. Accommodation in a three stars hotel close to the old city center of Bra\u015fov &#8211; a perfect place for a nice hang out in the evening.<br \/>\nLevel: medium, advanced, expert<br \/>\nPrice: 100\u20ac per person (groups of 5-8), 140\u20ac per person (groups of 2-4); accommodation in Bra\u015fov included, not included the evening meals and, if needed, cable car fees.<\/p>\n<p>ngg_shortcode_1_placeholder<strong>Ciuca\u015f Mountain<\/strong><br \/>\nTwo days out in the wild, in the less popular Ciuca\u015f Mountains (first day) and in Grohoti\u015fului Mountain (second day). Accommodation in Cheia.<br \/>\nLevel: medium, advanced, expert<br \/>\nPrice: 100\u20ac per person (groups of 5-8), 140\u20ac per person (groups of 2-4); accommodation fees included.<\/p>","protected":false},"excerpt":{"rendered":"<p>Here is a list of two-days mountian biking trips, cross-country and all-mountain style, mostly on single trails or single tracks. The prices below include accommodation, if you prefer arranging your own accommodation contact us to give you an updated cost. Please do that if you have any other special requirements for your mountain biking weekend&#8230;.  <a class=\"excerpt-read-more\" href=\"https:\/\/www.mtbtours.ro\/en\/mtb-weekend-escapes\/\" title=\"Read Weekend escapes\">Read more &raquo;<\/a><\/p>\n","protected":false},"author":4,"featured_media":13455,"parent":0,"menu_order":0,"comment_status":"open","ping_status":"open","template":"","meta":{"_acf_changed":false,"ngg_post_thumbnail":0,"footnotes":""},"tags":[],"class_list":["post-2001","page","type-page","status-publish","has-post-thumbnail","hentry"],"acf":[],"_links":{"self":[{"href":"https:\/\/www.mtbtours.ro\/en\/wp-json\/wp\/v2\/pages\/2001","targetHints":{"allow":["GET"]}}],"collection":[{"href":"https:\/\/www.mtbtours.ro\/en\/wp-json\/wp\/v2\/pages"}],"about":[{"href":"https:\/\/www.mtbtours.ro\/en\/wp-json\/wp\/v2\/types\/page"}],"author":[{"embeddable":true,"href":"https:\/\/www.mtbtours.ro\/en\/wp-json\/wp\/v2\/users\/4"}],"replies":[{"embeddable":true,"href":"https:\/\/www.mtbtours.ro\/en\/wp-json\/wp\/v2\/comments?post=2001"}],"version-history":[{"count":0,"href":"https:\/\/www.mtbtours.ro\/en\/wp-json\/wp\/v2\/pages\/2001\/revisions"}],"wp:featuredmedia":[{"embeddable":true,"href":"https:\/\/www.mtbtours.ro\/en\/wp-json\/wp\/v2\/media\/13455"}],"wp:attachment":[{"href":"https:\/\/www.mtbtours.ro\/en\/wp-json\/wp\/v2\/media?parent=2001"}],"wp:term":[{"taxonomy":"post_tag","embeddable":true,"href":"https:\/\/www.mtbtours.ro\/en\/wp-json\/wp\/v2\/tags?post=2001"}],"curies":[{"name":"wp","href":"https:\/\/api.w.org\/{rel}","templated":true}]}}