{"id":2001,"date":"2012-11-22T17:18:54","date_gmt":"2012-11-22T15:18:54","guid":{"rendered":"http:\/\/www.marusca.ro\/dev\/mtbtours\/?page_id=2001"},"modified":"2021-12-17T11:32:07","modified_gmt":"2021-12-17T09:32:07","slug":"mtb-weekend-escapes","status":"publish","type":"page","link":"https:\/\/www.mtbtours.ro\/ro\/mtb-weekend-escapes\/","title":{"rendered":"Ture de weekend"},"content":{"rendered":"<p>Programele urm\u0103toare includ dou\u0103 zile de mountain biking, combina\u0163ii de cross-country cu all-mountain, \u00een principal pe c\u0103r\u0103ri de munte. \u00cen pre\u0163urile afi\u015fate este inclus\u0103 \u015fi cazarea &#8211; dac\u0103 dori\u0163i pre\u0163uri f\u0103r\u0103 cazare, <a href=\"http:\/\/www.mtbtours.ro\/contact\/\" title=\"Contact\">contacta\u0163i-ne<\/a>.<\/p>\n<p>ngg_shortcode_2_placeholder<strong>Weekend \u00een Post\u0103varu<\/strong><br \/>\nC\u0103r\u0103rile din Post\u0103varu ofer\u0103 suficiente op\u0163iuni pentru dou\u0103 zile consistente de cross-country \u015fi all-mountain: urcare \u00een Poiana Bra\u015fov pe la Pietrele lui Solomon, c\u0103r\u0103rile de pe Spinarea Lung\u0103, prin Poiana Junilor \u015fi Poiana Aviatorilor, cobor\u00e2rile din Post\u0103varu peste T\u00e2mpa. Cazare \u00een Bra\u015fov, camere duble la hotel de trei stele.<br \/>\nNivel: mediu, avansat, expert<br \/>\nPre\u0163: 100\u20ac de persoan\u0103 (grupuri de 5-8), 140\u20ac (grupuri de 2-4), include cazare \u015fi mic dejun; nu sunt incluse eventuale bilete de telecabin\u0103 \u00een Post\u0103varu.<\/p>\n<p>ngg_shortcode_3_placeholder<strong>Ciuca\u015f<\/strong><br \/>\nDou\u0103 zile departe de lumea dezl\u0103n\u0163uit\u0103, o zi \u00een jurul v\u00e2rfului Ciuca\u015f \u015fi o zi pe culmile domoale ale mun\u0163ilor Grohoti\u015fului. Cazare \u00een sta\u0163iunea Cheia.<br \/>\nNivel: mediu, avansat, expert<br \/>\nPre\u0163: 100\u20ac de persoan\u0103 (grupuri de 5-8), 140\u20ac (grupuri de 2-4), include cazare \u015fi mas\u0103, nu include transportul la \u015fi de la Cheia.<\/p>","protected":false},"excerpt":{"rendered":"<p>Programele urm\u0103toare includ dou\u0103 zile de mountain biking, combina\u0163ii de cross-country cu all-mountain, \u00een principal pe c\u0103r\u0103ri de munte. \u00cen pre\u0163urile afi\u015fate este inclus\u0103 \u015fi cazarea &#8211; dac\u0103 dori\u0163i pre\u0163uri f\u0103r\u0103 cazare, contacta\u0163i-ne. Traversarea Bucegilor Plecare din Sinaia, urcare la Cota 2000 cu telecabina, urcare la Vf. Omu pe ruta Piatra Ars\u0103, Babele, Cerdac. Da&#8230;  <a class=\"excerpt-read-more\" href=\"https:\/\/www.mtbtours.ro\/ro\/mtb-weekend-escapes\/\" title=\"Read Ture de weekend\">Cite\u0219te mai mult &raquo;<\/a><\/p>\n","protected":false},"author":4,"featured_media":13455,"parent":0,"menu_order":0,"comment_status":"open","ping_status":"open","template":"","meta":{"_acf_changed":false,"ngg_post_thumbnail":0,"footnotes":""},"tags":[],"class_list":["post-2001","page","type-page","status-publish","has-post-thumbnail","hentry"],"acf":[],"_links":{"self":[{"href":"https:\/\/www.mtbtours.ro\/ro\/wp-json\/wp\/v2\/pages\/2001","targetHints":{"allow":["GET"]}}],"collection":[{"href":"https:\/\/www.mtbtours.ro\/ro\/wp-json\/wp\/v2\/pages"}],"about":[{"href":"https:\/\/www.mtbtours.ro\/ro\/wp-json\/wp\/v2\/types\/page"}],"author":[{"embeddable":true,"href":"https:\/\/www.mtbtours.ro\/ro\/wp-json\/wp\/v2\/users\/4"}],"replies":[{"embeddable":true,"href":"https:\/\/www.mtbtours.ro\/ro\/wp-json\/wp\/v2\/comments?post=2001"}],"version-history":[{"count":0,"href":"https:\/\/www.mtbtours.ro\/ro\/wp-json\/wp\/v2\/pages\/2001\/revisions"}],"wp:featuredmedia":[{"embeddable":true,"href":"https:\/\/www.mtbtours.ro\/ro\/wp-json\/wp\/v2\/media\/13455"}],"wp:attachment":[{"href":"https:\/\/www.mtbtours.ro\/ro\/wp-json\/wp\/v2\/media?parent=2001"}],"wp:term":[{"taxonomy":"post_tag","embeddable":true,"href":"https:\/\/www.mtbtours.ro\/ro\/wp-json\/wp\/v2\/tags?post=2001"}],"curies":[{"name":"wp","href":"https:\/\/api.w.org\/{rel}","templated":true}]}}